{"id":3576,"date":"2024-11-16T14:55:35","date_gmt":"2024-11-16T13:55:35","guid":{"rendered":"https:\/\/adamburczyc.pl\/?page_id=3576"},"modified":"2025-03-21T07:41:11","modified_gmt":"2025-03-21T06:41:11","slug":"wysylka","status":"publish","type":"page","link":"https:\/\/adamburczyc.pl\/en\/wysylka\/","title":{"rendered":"Shipment"},"content":{"rendered":"<div data-elementor-type=\"wp-page\" data-elementor-id=\"3576\" class=\"elementor elementor-3576\">\n\t\t\t\t\t\t<section class=\"elementor-section elementor-top-section elementor-element elementor-element-4146786 elementor-section-boxed elementor-section-height-default elementor-section-height-default\" data-id=\"4146786\" data-element_type=\"section\" data-e-type=\"section\">\n\t\t\t\t\t\t<div class=\"elementor-container elementor-column-gap-default\">\n\t\t\t\t\t<div class=\"elementor-column elementor-col-100 elementor-top-column elementor-element elementor-element-6f1ce1ba\" data-id=\"6f1ce1ba\" data-element_type=\"column\" data-e-type=\"column\">\n\t\t\t<div class=\"elementor-widget-wrap\">\n\t\t\t\t\t\t\t<\/div>\n\t\t<\/div>\n\t\t\t\t\t<\/div>\n\t\t<\/section>\n\t\t\t\t<section class=\"elementor-section elementor-top-section elementor-element elementor-element-835a4bc elementor-section-boxed elementor-section-height-default elementor-section-height-default\" data-id=\"835a4bc\" data-element_type=\"section\" data-e-type=\"section\">\n\t\t\t\t\t\t<div class=\"elementor-container elementor-column-gap-default\">\n\t\t\t\t\t<div class=\"elementor-column elementor-col-100 elementor-top-column elementor-element elementor-element-727d06c\" data-id=\"727d06c\" data-element_type=\"column\" data-e-type=\"column\">\n\t\t\t<div class=\"elementor-widget-wrap elementor-element-populated\">\n\t\t\t\t\t\t<section class=\"elementor-section elementor-inner-section elementor-element elementor-element-ea8dbaf elementor-section-content-middle elementor-section-boxed elementor-section-height-default elementor-section-height-default\" data-id=\"ea8dbaf\" data-element_type=\"section\" data-e-type=\"section\">\n\t\t\t\t\t\t<div class=\"elementor-container elementor-column-gap-wider\">\n\t\t\t\t\t<div class=\"elementor-column elementor-col-50 elementor-inner-column elementor-element elementor-element-d0bf3cf\" data-id=\"d0bf3cf\" data-element_type=\"column\" data-e-type=\"column\">\n\t\t\t<div class=\"elementor-widget-wrap elementor-element-populated\">\n\t\t\t\t\t\t<div class=\"elementor-element elementor-element-c6480ff elementor-view-default elementor-position-block-start elementor-mobile-position-block-start elementor-widget elementor-widget-icon-box\" data-id=\"c6480ff\" data-element_type=\"widget\" data-e-type=\"widget\" data-widget_type=\"icon-box.default\">\n\t\t\t\t<div class=\"elementor-widget-container\">\n\t\t\t\t\t\t\t<div class=\"elementor-icon-box-wrapper\">\n\n\t\t\t\t\t\t<div class=\"elementor-icon-box-icon\">\n\t\t\t\t<span  class=\"elementor-icon\">\n\t\t\t\t<svg xmlns=\"http:\/\/www.w3.org\/2000\/svg\" viewbox=\"0 0 512.0004 512.0016\"><path d=\"M476.1584 231.364c20.2646 3.085 35.8418 20.626 35.8408 41.7373v85.5117c0 4.4277-3.5898 8.0166-8.0166 8.0166h-26.2031c0.002 0.1777 0.0137 0.3545 0.0137 0.5342 0 27.9961-22.7773 50.7715-50.7715 50.7715-27.9951 0-50.7725-22.7754-50.7725-50.7715 0-0.1787 0.0117-0.3564 0.0137-0.5342h-180.67c0.002 0.1777 0.0146 0.3545 0.0146 0.5342 0 27.9961-22.7773 50.7715-50.7725 50.7715s-50.7715-22.7754-50.7715-50.7715c0-0.1787 0.0117-0.3564 0.0137-0.5342h-43.3037c-9.1367 0-16.5684-7.4316-16.5684-16.5684v-17.6367h-26.1885c-4.4277 0-8.0166-3.5889-8.0166-8.0166 0-4.4287 3.5898-8.0176 8.0166-8.0176h76.96c4.4287 0 8.0176 3.5889 8.0176 8.0176 0 4.4277-3.5898 8.0166-8.0176 8.0166h-34.7383v17.6367c0 0.2959 0.2383 0.5342 0.5342 0.5342h46.0801c6.8857-19.8828 25.7871-34.2051 47.9824-34.2051s41.0957 14.3223 47.9824 34.2051h166.327v-60.3906c0-4.4277 3.5908-8.0176 8.0176-8.0176 4.4277 0 8.0166 3.5908 8.0166 8.0176v60.3926h3.8603c6.8848-19.8828 25.7871-34.2051 47.9824-34.2051 22.1943 0 41.0957 14.3223 47.9814 34.2051h20.9619v-35.2725h-9.0859c-13.8506 0-25.1191-11.2686-25.1191-25.1191v-17.1025c0-4.4277 3.5898-8.0166 8.0175-8.0166h24.9277c-3.3945-10.5254-13.2754-18.1631-24.9121-18.1709-0.0068 0-0.0137 0.001-0.0214 0.0009s-0.0137-0.002-0.0215-0.0019h-94.5693v9.0879c0 4.4277-3.5898 8.0166-8.0166 8.0166-4.4277 0-8.0166-3.5898-8.0166-8.0166v-145.372c0-0.2949-0.2393-0.5342-0.5342-0.5342h-307.841c-0.2959 0-0.5342 0.2393-0.5342 0.5342v145.37c0 4.4277-3.5898 8.0166-8.0176 8.0166s-8.0166-3.5898-8.0166-8.0166v-145.37c0-9.1357 7.4316-16.5684 16.5684-16.5684h307.842c9.1357 0 16.5674 7.4326 16.5674 16.5684v17.6377h60.3926c18.5645 0 33.6699 15.1045 33.6699 33.6709v8.5508c0 3.8525-2.7197 7.0684-6.3447 7.8388z m-100.976-87.06200000000001v18.1709h78.0293v-0.5332c0-9.7256-7.9121-17.6377-17.6367-17.6377h-60.3926z m0 86.58000000000001h84.3291l-13.0938-52.376h-71.2354v52.376z m-230.34699999999998 171.0233c19.1553 0 34.7393-15.583 34.7393-34.7393s-15.584-34.7393-34.7393-34.7393-34.7393 15.583-34.7393 34.7393 15.584 34.7393 34.7393 34.7393z m282.188 0c19.1543 0 34.7383-15.583 34.7383-34.7393s-15.584-34.7393-34.7383-34.7393c-19.1553 0-34.7393 15.583-34.7393 34.7393s15.584 34.7393 34.7393 34.7393z m68.94400000000002-102.61430000000001h-0.0009v-18.1719h-18.1709v9.0859c0 5.0098 4.0762 9.0859 9.0859 9.086h9.0859z m-351.132 51.30669999999998c9.1357 0 16.5684 7.4326 16.5684 16.5684s-7.4326 16.5684-16.5684 16.5684-16.5684-7.4326-16.5684-16.5684 7.4326-16.5684 16.5684-16.5684z m282.188 0c9.1357 0 16.5674 7.4326 16.5674 16.5684s-7.4316 16.5684-16.5674 16.5684c-9.1367 0-16.5684-7.4326-16.5684-16.5684s7.4316-16.5684 16.5684-16.5684z m-94.06299999999999-34.20369999999997c4.4277 0 8.0166 3.5898 8.0166 8.0176s-3.5898 8.0166-8.0166 8.0166h-119.716c-4.4277 0-8.0176-3.5889-8.0175-8.0166s3.5908-8.0176 8.0175-8.0176h119.716z m-205.22699999999998-34.204999999999984c4.4268 0 8.0166 3.5889 8.0166 8.0166s-3.5898 8.0166-8.0166 8.0166h-102.614c-4.4277 0-8.0176-3.5889-8.0175-8.0166s3.5908-8.0166 8.0175-8.0166h102.614z m151.038-108.81800000000001c3.1299 3.1309 3.1299 8.206-0.0019 11.3379l-76.96 76.96c-1.5635 1.5664-3.6162 2.3477-5.668 2.3477-2.0508 0-4.1025-0.7813-5.668-2.3477l-42.7559-42.7559c-3.1309-3.1309-3.1309-8.206 0-11.3369 3.1299-3.1309 8.206-3.1309 11.3369 0l37.0869 37.0869 71.292-71.291c3.1309-3.1309 8.207-3.1309 11.3379-0.001z\"><\/path><\/svg>\t\t\t\t<\/span>\n\t\t\t<\/div>\n\t\t\t\n\t\t\t\t\t\t<div class=\"elementor-icon-box-content\">\n\n\t\t\t\t\t\t\t\t\t<h3 class=\"elementor-icon-box-title\">\n\t\t\t\t\t\t<span  >\n\t\t\t\t\t\t\tFree shipment whitin Poland\t\t\t\t\t\t<\/span>\n\t\t\t\t\t<\/h3>\n\t\t\t\t\n\t\t\t\t\n\t\t\t<\/div>\n\t\t\t\n\t\t<\/div>\n\t\t\t\t\t\t<\/div>\n\t\t\t\t<\/div>\n\t\t\t\t\t<\/div>\n\t\t<\/div>\n\t\t\t\t<div class=\"elementor-column elementor-col-50 elementor-inner-column elementor-element elementor-element-e4cdf16\" data-id=\"e4cdf16\" data-element_type=\"column\" data-e-type=\"column\">\n\t\t\t<div class=\"elementor-widget-wrap elementor-element-populated\">\n\t\t\t\t\t\t<div class=\"elementor-element elementor-element-68b7530 elementor-widget elementor-widget-image\" data-id=\"68b7530\" data-element_type=\"widget\" data-e-type=\"widget\" data-widget_type=\"image.default\">\n\t\t\t\t<div class=\"elementor-widget-container\">\n\t\t\t\t\t\t\t\t\t\t\t\t\t\t\t<img fetchpriority=\"high\" decoding=\"async\" width=\"1024\" height=\"681\" src=\"https:\/\/adamburczyc.pl\/wp-content\/uploads\/2024\/11\/pakowanie2a-1024x681.jpg\" class=\"attachment-large size-large wp-image-3728 wp-post-image\" alt=\"\" srcset=\"https:\/\/adamburczyc.pl\/wp-content\/uploads\/2024\/11\/pakowanie2a-1024x681.jpg 1024w, https:\/\/adamburczyc.pl\/wp-content\/uploads\/2024\/11\/pakowanie2a-300x200.jpg 300w, https:\/\/adamburczyc.pl\/wp-content\/uploads\/2024\/11\/pakowanie2a-768x511.jpg 768w, https:\/\/adamburczyc.pl\/wp-content\/uploads\/2024\/11\/pakowanie2a-1536x1022.jpg 1536w, https:\/\/adamburczyc.pl\/wp-content\/uploads\/2024\/11\/pakowanie2a-570x379.jpg 570w, https:\/\/adamburczyc.pl\/wp-content\/uploads\/2024\/11\/pakowanie2a.jpg 2000w\" sizes=\"(max-width: 1024px) 100vw, 1024px\" \/>\t\t\t\t\t\t\t\t\t\t\t\t\t\t\t<\/div>\n\t\t\t\t<\/div>\n\t\t\t\t\t<\/div>\n\t\t<\/div>\n\t\t\t\t\t<\/div>\n\t\t<\/section>\n\t\t\t\t\t<\/div>\n\t\t<\/div>\n\t\t\t\t\t<\/div>\n\t\t<\/section>\n\t\t\t\t<section class=\"elementor-section elementor-top-section elementor-element elementor-element-351d88f elementor-section-content-middle elementor-section-boxed elementor-section-height-default elementor-section-height-default\" data-id=\"351d88f\" data-element_type=\"section\" data-e-type=\"section\">\n\t\t\t\t\t\t<div class=\"elementor-container elementor-column-gap-wider\">\n\t\t\t\t\t<div class=\"elementor-column elementor-col-50 elementor-top-column elementor-element elementor-element-7b09e60\" data-id=\"7b09e60\" data-element_type=\"column\" data-e-type=\"column\">\n\t\t\t<div class=\"elementor-widget-wrap elementor-element-populated\">\n\t\t\t\t\t\t<div class=\"elementor-element elementor-element-e18cb85 elementor-widget elementor-widget-image\" data-id=\"e18cb85\" data-element_type=\"widget\" data-e-type=\"widget\" data-widget_type=\"image.default\">\n\t\t\t\t<div class=\"elementor-widget-container\">\n\t\t\t\t\t\t\t\t\t\t\t\t\t\t\t<img decoding=\"async\" width=\"1024\" height=\"681\" src=\"https:\/\/adamburczyc.pl\/wp-content\/uploads\/2024\/11\/pakowanie1a-1024x681.jpg\" class=\"attachment-large size-large wp-image-3727 wp-post-image\" alt=\"\" srcset=\"https:\/\/adamburczyc.pl\/wp-content\/uploads\/2024\/11\/pakowanie1a-1024x681.jpg 1024w, https:\/\/adamburczyc.pl\/wp-content\/uploads\/2024\/11\/pakowanie1a-300x200.jpg 300w, https:\/\/adamburczyc.pl\/wp-content\/uploads\/2024\/11\/pakowanie1a-768x511.jpg 768w, https:\/\/adamburczyc.pl\/wp-content\/uploads\/2024\/11\/pakowanie1a-1536x1022.jpg 1536w, https:\/\/adamburczyc.pl\/wp-content\/uploads\/2024\/11\/pakowanie1a-570x379.jpg 570w, https:\/\/adamburczyc.pl\/wp-content\/uploads\/2024\/11\/pakowanie1a.jpg 2000w\" sizes=\"(max-width: 1024px) 100vw, 1024px\" \/>\t\t\t\t\t\t\t\t\t\t\t\t\t\t\t<\/div>\n\t\t\t\t<\/div>\n\t\t\t\t\t<\/div>\n\t\t<\/div>\n\t\t\t\t<div class=\"elementor-column elementor-col-50 elementor-top-column elementor-element elementor-element-3f92478\" data-id=\"3f92478\" data-element_type=\"column\" data-e-type=\"column\">\n\t\t\t<div class=\"elementor-widget-wrap elementor-element-populated\">\n\t\t\t\t\t\t<div class=\"elementor-element elementor-element-5eb40ba elementor-widget elementor-widget-text-editor\" data-id=\"5eb40ba\" data-element_type=\"widget\" data-e-type=\"widget\" data-widget_type=\"text-editor.default\">\n\t\t\t\t<div class=\"elementor-widget-container\">\n\t\t\t\t\t\t\t\t\t<p>Obrazy wysy\u0142am za po\u015brednictwem Poczty Polskiej, lub paczkomatem <strong>InPost<\/strong> (<strong>tylko format 50x40cm<\/strong> w tym przypadku prosz\u0119 o podanie numeru paczkomatu docelowego przy sk\u0142adaniu zam\u00f3wienia)<\/p><p>Starannie zapakowany obraz (folia b\u0105belkowa, kartonowe opakowanie, folia stretch) zostanie wys\u0142any do 48h od otrzymanej wp\u0142aty.<\/p><p>Je\u015bli jeste\u015b zainteresowany\/a opcj\u0105 wysy\u0142ki za granic\u0119, skontaktuj si\u0119 ze mn\u0105 przez formularz kontaktowy lub pod adres kontakt@adamburczyc.pl ustalimy koszt wysy\u0142ki (op\u0142at\u0119 za wysy\u0142k\u0119 zagraniczn\u0105 pokrywa kupuj\u0105cy).<\/p><p><strong>Termin wysy\u0142ki:<\/strong><br \/>Kompletowanie zam\u00f3wienia i pakowanie przesy\u0142ki to 2 dni<br \/>(robocze, nie licz\u0105c sob\u00f3t i niedziel)<br \/>Obraz zostanie wys\u0142any za po\u015brednictwem Poczty Polskiej (paczka pocztowa priorytetowa) pod adres wskazany przy sk\u0142adaniu zam\u00f3wienia, lub paczkomatem InPost<\/p><p><strong>Darmowa dostawa:\u00a0<\/strong><br \/>Koszt transportu pokrywa sprzedaj\u0105cy.<\/p>\t\t\t\t\t\t\t\t<\/div>\n\t\t\t\t<\/div>\n\t\t\t\t\t<\/div>\n\t\t<\/div>\n\t\t\t\t\t<\/div>\n\t\t<\/section>\n\t\t\t\t<\/div>","protected":false},"excerpt":{"rendered":"<p>Darmowa wysy\u0142ka na terenie Polski Obrazy wysy\u0142am za po\u015brednictwem Poczty Polskiej, lub paczkomatem InPost (tylko format 50x40cm w tym przypadku prosz\u0119 o podanie numeru paczkomatu docelowego przy sk\u0142adaniu zam\u00f3wienia) Starannie zapakowany obraz (folia b\u0105belkowa, kartonowe opakowanie, folia stretch) zostanie wys\u0142any do 48h od otrzymanej wp\u0142aty. Je\u015bli jeste\u015b zainteresowany\/a opcj\u0105 wysy\u0142ki za granic\u0119, skontaktuj si\u0119 ze &#8230;<\/p>","protected":false},"author":1,"featured_media":0,"parent":0,"menu_order":0,"comment_status":"closed","ping_status":"closed","template":"","meta":{"footnotes":""},"class_list":["post-3576","page","type-page","status-publish","hentry"],"_links":{"self":[{"href":"https:\/\/adamburczyc.pl\/en\/wp-json\/wp\/v2\/pages\/3576","targetHints":{"allow":["GET"]}}],"collection":[{"href":"https:\/\/adamburczyc.pl\/en\/wp-json\/wp\/v2\/pages"}],"about":[{"href":"https:\/\/adamburczyc.pl\/en\/wp-json\/wp\/v2\/types\/page"}],"author":[{"embeddable":true,"href":"https:\/\/adamburczyc.pl\/en\/wp-json\/wp\/v2\/users\/1"}],"replies":[{"embeddable":true,"href":"https:\/\/adamburczyc.pl\/en\/wp-json\/wp\/v2\/comments?post=3576"}],"version-history":[{"count":3,"href":"https:\/\/adamburczyc.pl\/en\/wp-json\/wp\/v2\/pages\/3576\/revisions"}],"predecessor-version":[{"id":4084,"href":"https:\/\/adamburczyc.pl\/en\/wp-json\/wp\/v2\/pages\/3576\/revisions\/4084"}],"wp:attachment":[{"href":"https:\/\/adamburczyc.pl\/en\/wp-json\/wp\/v2\/media?parent=3576"}],"curies":[{"name":"wp","href":"https:\/\/api.w.org\/{rel}","templated":true}]}}