{"id":980,"date":"2024-11-16T16:16:18","date_gmt":"2024-11-16T15:16:18","guid":{"rendered":"https:\/\/adamburczyc.pl\/?page_id=980"},"modified":"2024-11-19T20:57:51","modified_gmt":"2024-11-19T19:57:51","slug":"o-mnie","status":"publish","type":"page","link":"https:\/\/adamburczyc.pl\/en\/o-mnie\/","title":{"rendered":"About me"},"content":{"rendered":"<div data-elementor-type=\"wp-post\" data-elementor-id=\"980\" class=\"elementor elementor-980\">\n\t\t\t\t\t\t<section class=\"elementor-section elementor-top-section elementor-element elementor-element-20daaa1 elementor-section-boxed elementor-section-height-default elementor-section-height-default\" data-id=\"20daaa1\" data-element_type=\"section\" data-e-type=\"section\">\n\t\t\t\t\t\t<div class=\"elementor-container elementor-column-gap-default\">\n\t\t\t\t\t<div class=\"elementor-column elementor-col-50 elementor-top-column elementor-element elementor-element-bce54dc\" data-id=\"bce54dc\" data-element_type=\"column\" data-e-type=\"column\">\n\t\t\t<div class=\"elementor-widget-wrap elementor-element-populated\">\n\t\t\t\t\t\t<div class=\"elementor-element elementor-element-45229b3 elementor-widget elementor-widget-rt-title\" data-id=\"45229b3\" data-element_type=\"widget\" data-e-type=\"widget\" data-widget_type=\"rt-title.default\">\n\t\t\t\t<div class=\"elementor-widget-container\">\n\t\t\t\t\t<div class=\"rt-el-title rtin-style-2 rtin-align-left\">\r\n\t<h3 class=\"rtin-title\">Kim jestem?<\/h3>\r\n\t<\/div>\t\t\t\t<\/div>\n\t\t\t\t<\/div>\n\t\t\t\t<div class=\"elementor-element elementor-element-75591e8 elementor-widget elementor-widget-text-editor\" data-id=\"75591e8\" data-element_type=\"widget\" data-e-type=\"widget\" data-widget_type=\"text-editor.default\">\n\t\t\t\t<div class=\"elementor-widget-container\">\n\t\t\t\t\t\t\t\t\t<p align=\"JUSTIFY\">Nazywam si\u0119 Adam Burczyc i urodzi\u0142em si\u0119 w Raciborzu w 1982r. Tutaj te\u017c tworz\u0119 obrazy, do kt\u00f3rych obejrzenia i kupna serdecznie zapraszam.<\/p><p align=\"JUSTIFY\">W 2007 roku uko\u0144czy\u0142em Pa\u0144stwow\u0105 Wy\u017csz\u0105 Szko\u0142\u0119 Zawodow\u0105 o profilu artystycznym w zakresie Sztuk Plastycznych. Moje prace wystawiane by\u0142y na licz\u0105cych si\u0119 portalach internetowych i w wielu galeriach. Inwestorzy sztuki z ca\u0142ego \u015bwiata posiadaj\u0105 moje obrazy w swoich zbiorach. Realizowa\u0142em wysy\u0142ki m.in. do Australii, Singapuru, USA czy Nowej Zelandii. Europejskie galerie r\u00f3wnie\u017c s\u0105 w posiadaniu moich prac.<\/p><p align=\"JUSTIFY\">Wszystkie prace dost\u0119pne w sklepie s\u0105 mojego autorstwa. Obrazy maluj\u0119 farbami olejnymi na p\u0142\u00f3tnach naci\u0105gnietych na krosna.<\/p><p align=\"JUSTIFY\">Kupuj\u0105c obraz na tej stronie otrzymuj\u0105 Pa\u0144stwo gwarancj\u0119 oryginalno\u015bci dzie\u0142a, co potwierdza certyfikat autentyczno\u015bci do\u0142\u0105czony do ka\u017cdego obrazu. Dodatkowym atutem jest gwarancja najni\u017cszej ceny (omijaj\u0105 Pa\u0144stwo prowizje galerii i portali aukcyjnych).<\/p><p align=\"JUSTIFY\">B\u0119dzie mi bardzo mi\u0142o je\u015bli moja sztuka trafi do Pa\u0144stwa i ozdobi Wasze wn\u0119trze.<\/p><p align=\"JUSTIFY\">Mo\u017ce by\u0107 r\u00f3wnie\u017c podarunkiem dla bliskiej osoby czy partnera biznesowego.<\/p>\t\t\t\t\t\t\t\t<\/div>\n\t\t\t\t<\/div>\n\t\t\t\t<div class=\"elementor-element elementor-element-1e00113 elementor-widget elementor-widget-image\" data-id=\"1e00113\" data-element_type=\"widget\" data-e-type=\"widget\" data-widget_type=\"image.default\">\n\t\t\t\t<div class=\"elementor-widget-container\">\n\t\t\t\t\t\t\t\t\t\t\t\t\t\t\t<img fetchpriority=\"high\" decoding=\"async\" width=\"1024\" height=\"678\" src=\"https:\/\/adamburczyc.pl\/wp-content\/uploads\/2024\/11\/o-mnie-1-1024x678.jpg\" class=\"attachment-large size-large wp-image-3807 wp-post-image\" alt=\"\" srcset=\"https:\/\/adamburczyc.pl\/wp-content\/uploads\/2024\/11\/o-mnie-1-1024x678.jpg 1024w, https:\/\/adamburczyc.pl\/wp-content\/uploads\/2024\/11\/o-mnie-1-300x199.jpg 300w, https:\/\/adamburczyc.pl\/wp-content\/uploads\/2024\/11\/o-mnie-1-768x509.jpg 768w, https:\/\/adamburczyc.pl\/wp-content\/uploads\/2024\/11\/o-mnie-1-1536x1018.jpg 1536w, https:\/\/adamburczyc.pl\/wp-content\/uploads\/2024\/11\/o-mnie-1-570x378.jpg 570w, https:\/\/adamburczyc.pl\/wp-content\/uploads\/2024\/11\/o-mnie-1.jpg 2000w\" sizes=\"(max-width: 1024px) 100vw, 1024px\" \/>\t\t\t\t\t\t\t\t\t\t\t\t\t\t\t<\/div>\n\t\t\t\t<\/div>\n\t\t\t\t<div class=\"elementor-element elementor-element-143ab8d elementor-widget elementor-widget-image\" data-id=\"143ab8d\" data-element_type=\"widget\" data-e-type=\"widget\" data-widget_type=\"image.default\">\n\t\t\t\t<div class=\"elementor-widget-container\">\n\t\t\t\t\t\t\t\t\t\t\t\t\t\t\t<img decoding=\"async\" width=\"1024\" height=\"867\" src=\"https:\/\/adamburczyc.pl\/wp-content\/uploads\/2024\/11\/o-mnie-2-1024x867.jpg\" class=\"attachment-large size-large wp-image-3808 wp-post-image\" alt=\"\" srcset=\"https:\/\/adamburczyc.pl\/wp-content\/uploads\/2024\/11\/o-mnie-2-1024x867.jpg 1024w, https:\/\/adamburczyc.pl\/wp-content\/uploads\/2024\/11\/o-mnie-2-300x254.jpg 300w, https:\/\/adamburczyc.pl\/wp-content\/uploads\/2024\/11\/o-mnie-2-768x650.jpg 768w, https:\/\/adamburczyc.pl\/wp-content\/uploads\/2024\/11\/o-mnie-2-1536x1300.jpg 1536w, https:\/\/adamburczyc.pl\/wp-content\/uploads\/2024\/11\/o-mnie-2-570x483.jpg 570w, https:\/\/adamburczyc.pl\/wp-content\/uploads\/2024\/11\/o-mnie-2.jpg 2000w\" sizes=\"(max-width: 1024px) 100vw, 1024px\" \/>\t\t\t\t\t\t\t\t\t\t\t\t\t\t\t<\/div>\n\t\t\t\t<\/div>\n\t\t\t\t\t<\/div>\n\t\t<\/div>\n\t\t\t\t<div class=\"elementor-column elementor-col-50 elementor-top-column elementor-element elementor-element-fba56fc\" data-id=\"fba56fc\" data-element_type=\"column\" data-e-type=\"column\">\n\t\t\t<div class=\"elementor-widget-wrap elementor-element-populated\">\n\t\t\t\t\t\t<div class=\"elementor-element elementor-element-b516123 elementor-widget elementor-widget-image\" data-id=\"b516123\" data-element_type=\"widget\" data-e-type=\"widget\" data-widget_type=\"image.default\">\n\t\t\t\t<div class=\"elementor-widget-container\">\n\t\t\t\t\t\t\t\t\t\t\t\t\t\t\t<img decoding=\"async\" width=\"612\" height=\"746\" src=\"https:\/\/adamburczyc.pl\/wp-content\/uploads\/2024\/11\/o-mnie-5.jpg\" class=\"attachment-large size-large wp-image-3811 wp-post-image\" alt=\"\" srcset=\"https:\/\/adamburczyc.pl\/wp-content\/uploads\/2024\/11\/o-mnie-5.jpg 612w, https:\/\/adamburczyc.pl\/wp-content\/uploads\/2024\/11\/o-mnie-5-246x300.jpg 246w, https:\/\/adamburczyc.pl\/wp-content\/uploads\/2024\/11\/o-mnie-5-570x695.jpg 570w\" sizes=\"(max-width: 612px) 100vw, 612px\" \/>\t\t\t\t\t\t\t\t\t\t\t\t\t\t\t<\/div>\n\t\t\t\t<\/div>\n\t\t\t\t<div class=\"elementor-element elementor-element-50c4329 elementor-widget elementor-widget-image\" data-id=\"50c4329\" data-element_type=\"widget\" data-e-type=\"widget\" data-widget_type=\"image.default\">\n\t\t\t\t<div class=\"elementor-widget-container\">\n\t\t\t\t\t\t\t\t\t\t\t\t\t\t\t<img loading=\"lazy\" decoding=\"async\" width=\"898\" height=\"1024\" src=\"https:\/\/adamburczyc.pl\/wp-content\/uploads\/2024\/11\/o-mnie-3-898x1024.jpg\" class=\"attachment-large size-large wp-image-3809 wp-post-image\" alt=\"\" srcset=\"https:\/\/adamburczyc.pl\/wp-content\/uploads\/2024\/11\/o-mnie-3-898x1024.jpg 898w, https:\/\/adamburczyc.pl\/wp-content\/uploads\/2024\/11\/o-mnie-3-263x300.jpg 263w, https:\/\/adamburczyc.pl\/wp-content\/uploads\/2024\/11\/o-mnie-3-768x876.jpg 768w, https:\/\/adamburczyc.pl\/wp-content\/uploads\/2024\/11\/o-mnie-3-1347x1536.jpg 1347w, https:\/\/adamburczyc.pl\/wp-content\/uploads\/2024\/11\/o-mnie-3-1796x2048.jpg 1796w, https:\/\/adamburczyc.pl\/wp-content\/uploads\/2024\/11\/o-mnie-3-570x650.jpg 570w, https:\/\/adamburczyc.pl\/wp-content\/uploads\/2024\/11\/o-mnie-3.jpg 2000w\" sizes=\"(max-width: 898px) 100vw, 898px\" \/>\t\t\t\t\t\t\t\t\t\t\t\t\t\t\t<\/div>\n\t\t\t\t<\/div>\n\t\t\t\t<div class=\"elementor-element elementor-element-d618509 elementor-widget elementor-widget-image\" data-id=\"d618509\" data-element_type=\"widget\" data-e-type=\"widget\" data-widget_type=\"image.default\">\n\t\t\t\t<div class=\"elementor-widget-container\">\n\t\t\t\t\t\t\t\t\t\t\t\t\t\t\t<img loading=\"lazy\" decoding=\"async\" width=\"981\" height=\"654\" src=\"https:\/\/adamburczyc.pl\/wp-content\/uploads\/2024\/11\/o-mnie-4.jpg\" class=\"attachment-large size-large wp-image-3810 wp-post-image\" alt=\"\" srcset=\"https:\/\/adamburczyc.pl\/wp-content\/uploads\/2024\/11\/o-mnie-4.jpg 981w, https:\/\/adamburczyc.pl\/wp-content\/uploads\/2024\/11\/o-mnie-4-300x200.jpg 300w, https:\/\/adamburczyc.pl\/wp-content\/uploads\/2024\/11\/o-mnie-4-768x512.jpg 768w, https:\/\/adamburczyc.pl\/wp-content\/uploads\/2024\/11\/o-mnie-4-570x380.jpg 570w\" sizes=\"(max-width: 981px) 100vw, 981px\" \/>\t\t\t\t\t\t\t\t\t\t\t\t\t\t\t<\/div>\n\t\t\t\t<\/div>\n\t\t\t\t\t<\/div>\n\t\t<\/div>\n\t\t\t\t\t<\/div>\n\t\t<\/section>\n\t\t\t\t<\/div>","protected":false},"excerpt":{"rendered":"<p>Kim jestem? Nazywam si\u0119 Adam Burczyc i urodzi\u0142em si\u0119 w Raciborzu w 1982r. Tutaj te\u017c tworz\u0119 obrazy, do kt\u00f3rych obejrzenia i kupna serdecznie zapraszam. W 2007 roku uko\u0144czy\u0142em Pa\u0144stwow\u0105 Wy\u017csz\u0105 Szko\u0142\u0119 Zawodow\u0105 o profilu artystycznym w zakresie Sztuk Plastycznych. Moje prace wystawiane by\u0142y na licz\u0105cych si\u0119 portalach internetowych i w wielu galeriach. Inwestorzy sztuki z &#8230;<\/p>","protected":false},"author":1,"featured_media":0,"parent":0,"menu_order":0,"comment_status":"closed","ping_status":"closed","template":"templates\/blank.php","meta":{"footnotes":""},"class_list":["post-980","page","type-page","status-publish","hentry"],"_links":{"self":[{"href":"https:\/\/adamburczyc.pl\/en\/wp-json\/wp\/v2\/pages\/980","targetHints":{"allow":["GET"]}}],"collection":[{"href":"https:\/\/adamburczyc.pl\/en\/wp-json\/wp\/v2\/pages"}],"about":[{"href":"https:\/\/adamburczyc.pl\/en\/wp-json\/wp\/v2\/types\/page"}],"author":[{"embeddable":true,"href":"https:\/\/adamburczyc.pl\/en\/wp-json\/wp\/v2\/users\/1"}],"replies":[{"embeddable":true,"href":"https:\/\/adamburczyc.pl\/en\/wp-json\/wp\/v2\/comments?post=980"}],"version-history":[{"count":0,"href":"https:\/\/adamburczyc.pl\/en\/wp-json\/wp\/v2\/pages\/980\/revisions"}],"wp:attachment":[{"href":"https:\/\/adamburczyc.pl\/en\/wp-json\/wp\/v2\/media?parent=980"}],"curies":[{"name":"wp","href":"https:\/\/api.w.org\/{rel}","templated":true}]}}