{"id":4186,"date":"2025-12-10T16:02:51","date_gmt":"2025-12-10T15:02:51","guid":{"rendered":"https:\/\/adamburczyc.pl\/?post_type=product&#038;p=4186"},"modified":"2026-04-02T15:33:14","modified_gmt":"2026-04-02T13:33:14","slug":"oaza","status":"publish","type":"product","link":"https:\/\/adamburczyc.pl\/en\/sklep\/oaza\/","title":{"rendered":"oaza"},"content":{"rendered":"","protected":false},"excerpt":{"rendered":"<ul>\n<li>Tytu\u0142 obrazu: Oaza<\/li>\n<li>Autor: Adam Burczyc<\/li>\n<li>Obraz wykonany na p\u0142\u00f3tnie (grubo\u015b\u0107 podobrazia oko\u0142o 1,8cm)<\/li>\n<li>Farby olejne (talens, renesans) p\u0119dzel i szpachla<\/li>\n<li>Format: 50\u00d740 cm<\/li>\n<li>Rok powstania: 2025<\/li>\n<li>Sygnatura na awersie i rewersie<\/li>\n<li>Za\u0142\u0105czony certyfikat autentyczno\u015bci<\/li>\n<li>Kolory mog\u0105 si\u0119 nieznacznie r\u00f3\u017cni\u0107 w zale\u017cno\u015bci od ustawie\u0144 monitora<\/li>\n<\/ul>","protected":false},"featured_media":4190,"menu_order":0,"template":"","meta":[],"product_brand":[],"product_cat":[173],"product_tag":[212,223,176,175,214,213,177],"class_list":{"0":"post-4186","1":"product","2":"type-product","3":"status-publish","4":"has-post-thumbnail","6":"product_cat-poziome","7":"product_tag-burczyc","8":"product_tag-inwestycja","9":"product_tag-malarstwo","10":"product_tag-obraz","11":"product_tag-prezent","12":"product_tag-swieta","13":"product_tag-sztuka","15":"first","16":"instock","17":"taxable","18":"shipping-taxable","19":"purchasable","20":"product-type-simple"},"_links":{"self":[{"href":"https:\/\/adamburczyc.pl\/en\/wp-json\/wp\/v2\/product\/4186","targetHints":{"allow":["GET"]}}],"collection":[{"href":"https:\/\/adamburczyc.pl\/en\/wp-json\/wp\/v2\/product"}],"about":[{"href":"https:\/\/adamburczyc.pl\/en\/wp-json\/wp\/v2\/types\/product"}],"wp:featuredmedia":[{"embeddable":true,"href":"https:\/\/adamburczyc.pl\/en\/wp-json\/wp\/v2\/media\/4190"}],"wp:attachment":[{"href":"https:\/\/adamburczyc.pl\/en\/wp-json\/wp\/v2\/media?parent=4186"}],"wp:term":[{"taxonomy":"product_brand","embeddable":true,"href":"https:\/\/adamburczyc.pl\/en\/wp-json\/wp\/v2\/product_brand?post=4186"},{"taxonomy":"product_cat","embeddable":true,"href":"https:\/\/adamburczyc.pl\/en\/wp-json\/wp\/v2\/product_cat?post=4186"},{"taxonomy":"product_tag","embeddable":true,"href":"https:\/\/adamburczyc.pl\/en\/wp-json\/wp\/v2\/product_tag?post=4186"}],"curies":[{"name":"wp","href":"https:\/\/api.w.org\/{rel}","templated":true}]}}