{"id":4191,"date":"2025-12-10T16:05:30","date_gmt":"2025-12-10T15:05:30","guid":{"rendered":"https:\/\/adamburczyc.pl\/?post_type=product&#038;p=4191"},"modified":"2026-04-02T15:32:45","modified_gmt":"2026-04-02T13:32:45","slug":"krag","status":"publish","type":"product","link":"https:\/\/adamburczyc.pl\/en\/sklep\/krag\/","title":{"rendered":"kr\u0105g"},"content":{"rendered":"","protected":false},"excerpt":{"rendered":"<ul>\n<li>Tytu\u0142 obrazu: Kr\u0105g<\/li>\n<li>Autor: Adam Burczyc<\/li>\n<li>Obraz wykonany na p\u0142\u00f3tnie (grubo\u015b\u0107 podobrazia oko\u0142o 1,8cm)<\/li>\n<li>Farby olejne (talens, renesans) p\u0119dzel i szpachla<\/li>\n<li>Format: 50\u00d740 cm<\/li>\n<li>Rok powstania: 2025<\/li>\n<li>Sygnatura na awersie i rewersie<\/li>\n<li>Za\u0142\u0105czony certyfikat autentyczno\u015bci<\/li>\n<li>Kolory mog\u0105 si\u0119 nieznacznie r\u00f3\u017cni\u0107 w zale\u017cno\u015bci od ustawie\u0144 monitora<\/li>\n<\/ul>","protected":false},"featured_media":4195,"menu_order":0,"template":"","meta":[],"product_brand":[],"product_cat":[173],"product_tag":[],"class_list":{"0":"post-4191","1":"product","2":"type-product","3":"status-publish","4":"has-post-thumbnail","6":"product_cat-poziome","8":"first","9":"instock","10":"taxable","11":"shipping-taxable","12":"purchasable","13":"product-type-simple"},"_links":{"self":[{"href":"https:\/\/adamburczyc.pl\/en\/wp-json\/wp\/v2\/product\/4191","targetHints":{"allow":["GET"]}}],"collection":[{"href":"https:\/\/adamburczyc.pl\/en\/wp-json\/wp\/v2\/product"}],"about":[{"href":"https:\/\/adamburczyc.pl\/en\/wp-json\/wp\/v2\/types\/product"}],"wp:featuredmedia":[{"embeddable":true,"href":"https:\/\/adamburczyc.pl\/en\/wp-json\/wp\/v2\/media\/4195"}],"wp:attachment":[{"href":"https:\/\/adamburczyc.pl\/en\/wp-json\/wp\/v2\/media?parent=4191"}],"wp:term":[{"taxonomy":"product_brand","embeddable":true,"href":"https:\/\/adamburczyc.pl\/en\/wp-json\/wp\/v2\/product_brand?post=4191"},{"taxonomy":"product_cat","embeddable":true,"href":"https:\/\/adamburczyc.pl\/en\/wp-json\/wp\/v2\/product_cat?post=4191"},{"taxonomy":"product_tag","embeddable":true,"href":"https:\/\/adamburczyc.pl\/en\/wp-json\/wp\/v2\/product_tag?post=4191"}],"curies":[{"name":"wp","href":"https:\/\/api.w.org\/{rel}","templated":true}]}}